{"id":307,"date":"2020-03-20T07:57:38","date_gmt":"2020-03-20T07:57:38","guid":{"rendered":"https:\/\/td_uid_1_5e74777230d93"},"modified":"2024-06-13T11:28:04","modified_gmt":"2024-06-13T09:28:04","slug":"startseite","status":"publish","type":"page","link":"https:\/\/www.horsedeal.com\/blog\/","title":{"rendered":"Startseite"},"content":{"rendered":"<div id=\"bsf_rt_marker\"><\/div>[et_pb_section fb_built=&#187;1&#8243; _builder_version=&#187;4.25.1&#8243; custom_margin=&#187;0px||0px||false|false&#187; custom_padding=&#187;64px|24px|80px|24px|false|true&#187; hover_enabled=&#187;0&#8243; global_colors_info=&#187;{}&#187; custom_padding_last_edited=&#187;on|phone&#187; sticky_enabled=&#187;0&#8243; custom_padding_tablet=&#187;|0px||0px|false|true&#187; custom_padding_phone=&#187;24px||40px||false|true&#187;][et_pb_row custom_padding_last_edited=&#187;on|phone&#187; module_class=&#187;home_page_first_section_row&#187; _builder_version=&#187;4.25.1&#8243; _module_preset=&#187;default&#187; width=&#187;100%&#187; max_width=&#187;1152px&#187; custom_margin=&#187;0px||0px||false|false&#187; custom_padding=&#187;0px|0px|0px|0px|false|true&#187; custom_padding_tablet=&#187;0px|24px|0px|24px|false|true&#187; custom_padding_phone=&#187;0px|24px|0px|24px|false|true&#187; global_colors_info=&#187;{}&#187;][et_pb_column type=&#187;4_4&#8243; _builder_version=&#187;4.25.1&#8243; _module_preset=&#187;default&#187; global_colors_info=&#187;{}&#187;][et_pb_code _builder_version=&#187;4.25.1&#8243; _module_preset=&#187;default&#187; custom_margin=&#187;0px||0px||false|false&#187; custom_padding=&#187;0px||0px||false|false&#187; global_colors_info=&#187;{}&#187;]<div class=\"posts-with-categories home_page_post_with_categories\"><div class=\"post-container\"><a href=\"https:\/\/www.horsedeal.com\/blog\/pferdewissen\/fuetterung\/gesunder-pferdemagen-so-beugst-du-magenprobleme-effektiv-vor\"><div class=\"featured-image-container\" style=\"background: linear-gradient(180deg, rgba(0, 0, 0, 0.00) 48.5%, rgba(0, 0, 0, 0.60) 100%), url(https:\/\/www.horsedeal.com\/blog\/wp-content\/uploads\/2026\/03\/gesunder-pferdemagen-so-beugst-du-magenprobleme-effektiv-vor.webp) lightgray 50% \/ cover no-repeat;\"><\/div><\/a><div class=\"feature_image_main_content_div\"><div class=\"feature_image_anchor_div\"><a href=\"https:\/\/www.horsedeal.com\/blog\/pferdewissen\/fuetterung\">F\u00fctterung<\/a><\/div><a href=\"https:\/\/www.horsedeal.com\/blog\/pferdewissen\/fuetterung\/gesunder-pferdemagen-so-beugst-du-magenprobleme-effektiv-vor\"><h3 class=\"post-title\">Gesunder Pferdemagen: So beugst Du Magenprobleme effektiv vor<\/h3><\/a><div class=\"plublish_date_div\"><div class=\"single_post_read_time_div\"><img decoding=\"async\" src=\"https:\/\/horsedeal.com\/blog\/wp-content\/uploads\/2024\/05\/icon-clock-m.svg\"\/><p><span class=\"clock_minutes\">Lesezeit<\/span><span class=\"bsf-rt-reading-time\"><span class=\"bsf-rt-display-label\" prefix=\"\">\n\t\t<\/span> <span class=\"bsf-rt-display-time\" reading_time=\"5\"><\/span> \n\t\t<span class=\"bsf-rt-display-postfix\" postfix=\"\"><\/span><\/span><span class=\"clock_minutes\">Minuten<\/span><\/p><\/div><\/div><\/div><\/div><div class=\"post-container\"><a href=\"https:\/\/www.horsedeal.com\/blog\/pferdewissen\/gesundheit\/der-fruehling-kommt-so-hilfst-du-deinem-pferd-beim-fellwechsel\"><div class=\"featured-image-container\" style=\"background: linear-gradient(180deg, rgba(0, 0, 0, 0.00) 48.5%, rgba(0, 0, 0, 0.60) 100%), url(https:\/\/www.horsedeal.com\/blog\/wp-content\/uploads\/2026\/02\/der-fruehling-kommt-so-hilfst-du-deinem-pferd-beim-fellwechsel.webp) lightgray 50% \/ cover no-repeat;\"><\/div><\/a><div class=\"feature_image_main_content_div\"><div class=\"feature_image_anchor_div\"><a href=\"https:\/\/www.horsedeal.com\/blog\/pferdewissen\/gesundheit\">Gesundheit<\/a><\/div><a href=\"https:\/\/www.horsedeal.com\/blog\/pferdewissen\/gesundheit\/der-fruehling-kommt-so-hilfst-du-deinem-pferd-beim-fellwechsel\"><h3 class=\"post-title\">Der Fr\u00fchling kommt: So hilfst Du deinem Pferd beim Fellwechsel<\/h3><\/a><div class=\"plublish_date_div\"><div class=\"single_post_read_time_div\"><img decoding=\"async\" src=\"https:\/\/horsedeal.com\/blog\/wp-content\/uploads\/2024\/05\/icon-clock-m.svg\"\/><p><span class=\"clock_minutes\">Lesezeit<\/span><span class=\"bsf-rt-reading-time\"><span class=\"bsf-rt-display-label\" prefix=\"\">\n\t\t<\/span> <span class=\"bsf-rt-display-time\" reading_time=\"4\"><\/span> \n\t\t<span class=\"bsf-rt-display-postfix\" postfix=\"\"><\/span><\/span><span class=\"clock_minutes\">Minuten<\/span><\/p><\/div><\/div><\/div><\/div><div class=\"post-container\"><a href=\"https:\/\/www.horsedeal.com\/blog\/pferdewissen\/gesundheit\/winterzeit-was-dein-pferd-jetzt-wirklich-braucht\"><div class=\"featured-image-container\" style=\"background: linear-gradient(180deg, rgba(0, 0, 0, 0.00) 48.5%, rgba(0, 0, 0, 0.60) 100%), url(https:\/\/www.horsedeal.com\/blog\/wp-content\/uploads\/2026\/02\/winterzeit-was-dein-pferd-jetzt-wirklich-braucht.webp) lightgray 50% \/ cover no-repeat;\"><\/div><\/a><div class=\"feature_image_main_content_div\"><div class=\"feature_image_anchor_div\"><a href=\"https:\/\/www.horsedeal.com\/blog\/pferdewissen\/gesundheit\">Gesundheit<\/a><\/div><a href=\"https:\/\/www.horsedeal.com\/blog\/pferdewissen\/gesundheit\/winterzeit-was-dein-pferd-jetzt-wirklich-braucht\"><h3 class=\"post-title\">Winterzeit: Was dein Pferd jetzt wirklich braucht<\/h3><\/a><div class=\"plublish_date_div\"><div class=\"single_post_read_time_div\"><img decoding=\"async\" src=\"https:\/\/horsedeal.com\/blog\/wp-content\/uploads\/2024\/05\/icon-clock-m.svg\"\/><p><span class=\"clock_minutes\">Lesezeit<\/span><span class=\"bsf-rt-reading-time\"><span class=\"bsf-rt-display-label\" prefix=\"\">\n\t\t<\/span> <span class=\"bsf-rt-display-time\" reading_time=\"6\"><\/span> \n\t\t<span class=\"bsf-rt-display-postfix\" postfix=\"\"><\/span><\/span><span class=\"clock_minutes\">Minuten<\/span><\/p><\/div><\/div><\/div><\/div><\/div>[\/et_pb_code][et_pb_code _builder_version=&#187;4.25.1&#8243; _module_preset=&#187;default&#187; custom_margin=&#187;0px||||false|false&#187; custom_padding=&#187;0px||||false|false&#187; global_colors_info=&#187;{}&#187;]<div class=\"custom_category_posts_parent_div\"><div class=\"sort_button_div\"><h2>Neueste Beitr\u00e4ge<\/h2><\/div><\/div><div class=\"custom_category_posts\" id=\"posts-container\"><a href=\"https:\/\/www.horsedeal.com\/blog\/pferdewissen\/fuetterung\/gesunder-pferdemagen-so-beugst-du-magenprobleme-effektiv-vor\" class=\"custom_category_post_inner_div\" data-date=\"2026-03-20 09:17:38\"><div class=\"\" style=\"background: url(https:\/\/www.horsedeal.com\/blog\/wp-content\/uploads\/2026\/03\/gesunder-pferdemagen-so-beugst-du-magenprobleme-effektiv-vor.webp) lightgray 50% \/ cover no-repeat;\"><\/div><div class=\"posts_element_div\"><div class=\"post_data_time_div\"><p>20. M\u00e4rz 2026<\/p><div class=\"post_read_time_div\"><img decoding=\"async\" src=\"https:\/\/horsedeal.com\/blog\/wp-content\/uploads\/2024\/06\/icon-clock-m.svg\"\/><p><span class=\"bsf-rt-reading-time\"><span class=\"bsf-rt-display-label\" prefix=\"\">\n\t\t<\/span> <span class=\"bsf-rt-display-time\" reading_time=\"5\"><\/span> \n\t\t<span class=\"bsf-rt-display-postfix\" postfix=\"\"><\/span><\/span><span class=\"clock_minutes\">Minuten<\/span><\/p><\/div><\/div><h3>Gesunder Pferdemagen: So beugst Du Magenprobleme effektiv vor<\/h3><p class=\"post-excerpt\">Der Magen deines Pferdes ist ein sensibles Organ. Anders als beim Menschen produziert er rund um die Uhr Magens\u00e4ure &#8211; unabh\u00e4ngig davon, ob dein Pferd gerade frisst oder nicht. Wird diese S\u00e4ure nicht ausreichend durch Futter gepuffert, kann es zu Reizungen der Magenschleimhaut kommen. Verdauungsst\u00f6rungen, Kotwasser, Leistungseinbussen oder sogar Magengeschw\u00fcre k\u00f6nnen die Folge sein. Die [&hellip;]<\/p><span id=\"weiterlesen_under\">Weiterlesen<\/span><\/div><\/a><a href=\"https:\/\/www.horsedeal.com\/blog\/pferdewissen\/gesundheit\/der-fruehling-kommt-so-hilfst-du-deinem-pferd-beim-fellwechsel\" class=\"custom_category_post_inner_div\" data-date=\"2026-03-10 11:05:05\"><div class=\"\" style=\"background: url(https:\/\/www.horsedeal.com\/blog\/wp-content\/uploads\/2026\/02\/der-fruehling-kommt-so-hilfst-du-deinem-pferd-beim-fellwechsel.webp) lightgray 50% \/ cover no-repeat;\"><\/div><div class=\"posts_element_div\"><div class=\"post_data_time_div\"><p>10. M\u00e4rz 2026<\/p><div class=\"post_read_time_div\"><img decoding=\"async\" src=\"https:\/\/horsedeal.com\/blog\/wp-content\/uploads\/2024\/06\/icon-clock-m.svg\"\/><p><span class=\"bsf-rt-reading-time\"><span class=\"bsf-rt-display-label\" prefix=\"\">\n\t\t<\/span> <span class=\"bsf-rt-display-time\" reading_time=\"4\"><\/span> \n\t\t<span class=\"bsf-rt-display-postfix\" postfix=\"\"><\/span><\/span><span class=\"clock_minutes\">Minuten<\/span><\/p><\/div><\/div><h3>Der Fr\u00fchling kommt: So hilfst Du deinem Pferd beim Fellwechsel<\/h3><p class=\"post-excerpt\">Die Tage werden l\u00e4nger, die Temperaturen steigen langsam und pl\u00f6tzlich findest Du \u00fcberall Haare: im Stall, auf der Decke, an deiner Kleidung. Der Fellwechsel hat begonnen. F\u00fcr dein Pferd ist diese Zeit weit mehr als ein optischer Umbruch. Der Wechsel vom dichten Winterfell zum Sommerfell ist eine echte Stoffwechselarbeit. Wie Du dein Pferd in dieser [&hellip;]<\/p><span id=\"weiterlesen_under\">Weiterlesen<\/span><\/div><\/a><a href=\"https:\/\/www.horsedeal.com\/blog\/pferdewissen\/gesundheit\/winterzeit-was-dein-pferd-jetzt-wirklich-braucht\" class=\"custom_category_post_inner_div\" data-date=\"2026-01-02 10:27:17\"><div class=\"\" style=\"background: url(https:\/\/www.horsedeal.com\/blog\/wp-content\/uploads\/2026\/02\/winterzeit-was-dein-pferd-jetzt-wirklich-braucht.webp) lightgray 50% \/ cover no-repeat;\"><\/div><div class=\"posts_element_div\"><div class=\"post_data_time_div\"><p>2. Januar 2026<\/p><div class=\"post_read_time_div\"><img decoding=\"async\" src=\"https:\/\/horsedeal.com\/blog\/wp-content\/uploads\/2024\/06\/icon-clock-m.svg\"\/><p><span class=\"bsf-rt-reading-time\"><span class=\"bsf-rt-display-label\" prefix=\"\">\n\t\t<\/span> <span class=\"bsf-rt-display-time\" reading_time=\"6\"><\/span> \n\t\t<span class=\"bsf-rt-display-postfix\" postfix=\"\"><\/span><\/span><span class=\"clock_minutes\">Minuten<\/span><\/p><\/div><\/div><h3>Winterzeit: Was dein Pferd jetzt wirklich braucht<\/h3><p class=\"post-excerpt\">Wenn die Temperaturen sinken, der Boden gefriert und die Weiden karger werden, beginnt f\u00fcr dein Pferd eine besonders anspruchsvolle Jahreszeit. Der Winter stellt hohe Anforderungen an Energiehaushalt, Verdauung und Immunsystem. Gleichzeitig ver\u00e4ndert sich oft das Bewegungsangebot &#8211; weniger Weidegang, mehr Stallzeit. Umso wichtiger ist eine durchdachte F\u00fctterung, die den Bedarf deckt, ohne dein Pferd zu [&hellip;]<\/p><span id=\"weiterlesen_under\">Weiterlesen<\/span><\/div><\/a><\/div>[\/et_pb_code][et_pb_code _builder_version=&#187;4.25.1&#8243; _module_preset=&#187;default&#187; global_colors_info=&#187;{}&#187;]<div class=\"custom_category_posts_parent_div\"><div class=\"sort_button_div\"><h2>Beliebte Beitr\u00e4ge<\/h2><\/div><\/div><div class=\"custom_category_posts\" id=\"posts-container\"><a href=\"https:\/\/www.horsedeal.com\/blog\/stallgefluester\/die-100-schoensten-pferdesprueche-und-zitate\" class=\"custom_category_post_inner_div\" data-date=\"2022-06-21 16:40:47\"><div class=\"\" style=\"background: url(https:\/\/www.horsedeal.com\/blog\/wp-content\/uploads\/2022\/06\/AdobeStock_281999554-1-scaled.jpeg) lightgray 50% \/ cover no-repeat;\"><\/div><div class=\"posts_element_div\"><div class=\"post_data_time_div\"><p>21. Juni 2022<\/p><div class=\"post_read_time_div\"><img decoding=\"async\" src=\"https:\/\/horsedeal.com\/blog\/wp-content\/uploads\/2024\/06\/icon-clock-m.svg\"\/><p><span class=\"bsf-rt-reading-time\"><span class=\"bsf-rt-display-label\" prefix=\"\">\n\t\t<\/span> <span class=\"bsf-rt-display-time\" reading_time=\"9\"><\/span> \n\t\t<span class=\"bsf-rt-display-postfix\" postfix=\"\"><\/span><\/span><span class=\"clock_minutes\">Minuten<\/span><\/p><\/div><\/div><h3>Die 100 sch\u00f6nsten Pferdespr\u00fcche und -zitate<\/h3><p class=\"post-excerpt\">Von Pferdespr\u00fcchen k\u00f6nnen wir nie genug kriegen. Deswegen haben wir uns auf die Suche nach den 100 sch\u00f6nsten Pferdezitaten gemacht. In diesen Spr\u00fcchen erkennen wir Reiter und Reiterinnen uns wieder. Sie bringen einfach wunderbar auf den Punkt, wie wir uns f\u00fchlen und \u00fcber unsere Lieblingstiere denken. Ausserdem dienen sie als Inspiration f\u00fcr Nachrichten oder Geburtstagskarten [&hellip;]<\/p><span id=\"weiterlesen_under\">Weiterlesen<\/span><\/div><\/a><a href=\"https:\/\/www.horsedeal.com\/blog\/stallgefluester\/so-sind-pferdefrauen-wirklich\" class=\"custom_category_post_inner_div\" data-date=\"2021-01-15 21:38:04\"><div class=\"\" style=\"background: url(https:\/\/www.horsedeal.com\/blog\/wp-content\/uploads\/2021\/01\/Zusammenleben-mit-einer-Pferdefrau-scaled.jpeg) lightgray 50% \/ cover no-repeat;\"><\/div><div class=\"posts_element_div\"><div class=\"post_data_time_div\"><p>15. Januar 2021<\/p><div class=\"post_read_time_div\"><img decoding=\"async\" src=\"https:\/\/horsedeal.com\/blog\/wp-content\/uploads\/2024\/06\/icon-clock-m.svg\"\/><p><span class=\"bsf-rt-reading-time\"><span class=\"bsf-rt-display-label\" prefix=\"\">\n\t\t<\/span> <span class=\"bsf-rt-display-time\" reading_time=\"8\"><\/span> \n\t\t<span class=\"bsf-rt-display-postfix\" postfix=\"\"><\/span><\/span><span class=\"clock_minutes\">Minuten<\/span><\/p><\/div><\/div><h3>So sind Pferdefrauen wirklich &#8211; und wie du mit ihnen zusammenlebst<\/h3><p class=\"post-excerpt\">Pferdemenschen sind schon etwas eigen und es gibt viele Vorurteile \u00fcber sie. In manchen davon erkennen wir Reiter uns nat\u00fcrlich wieder, aber eigentlich sind wir Menschen mit einem sehr grossen Herz. F\u00fcr Nichtreiter ist dies jedoch manchmal schwer zu erkennen. Deswegen wollen wir hier etwas Licht ins Dunkel \u00fcber das Zusammenleben mit einem Pferdemenschen bringen. [&hellip;]<\/p><span id=\"weiterlesen_under\">Weiterlesen<\/span><\/div><\/a><a href=\"https:\/\/www.horsedeal.com\/blog\/disziplinen\/vielseitigkeit\/disziplin-vielseitigkeit-was-du-wissen-solltest\" class=\"custom_category_post_inner_div\" data-date=\"2024-10-04 13:33:17\"><div class=\"\" style=\"background: url(https:\/\/www.horsedeal.com\/blog\/wp-content\/uploads\/2024\/10\/disziplin-vielseitigkeit-was-du-wissen-solltest.webp) lightgray 50% \/ cover no-repeat;\"><\/div><div class=\"posts_element_div\"><div class=\"post_data_time_div\"><p>4. Oktober 2024<\/p><div class=\"post_read_time_div\"><img decoding=\"async\" src=\"https:\/\/horsedeal.com\/blog\/wp-content\/uploads\/2024\/06\/icon-clock-m.svg\"\/><p><span class=\"bsf-rt-reading-time\"><span class=\"bsf-rt-display-label\" prefix=\"\">\n\t\t<\/span> <span class=\"bsf-rt-display-time\" reading_time=\"12\"><\/span> \n\t\t<span class=\"bsf-rt-display-postfix\" postfix=\"\"><\/span><\/span><span class=\"clock_minutes\">Minuten<\/span><\/p><\/div><\/div><h3>Disziplin Vielseitigkeit: Was Du wissen solltest<\/h3><p class=\"post-excerpt\">Dressur, Gel\u00e4nde und Springen &#8211; in der anspruchsvollen Disziplin der Vielseitigkeit, auch \u201eKrone der Reiterei\u201c oder \u201eK\u00f6nigsdisziplin\u201c genannt, bist Du ein echter Allrounder! Bei diesem Mehrkampf wird es nie langweilig. Entscheidend f\u00fcr den Erfolg bei Vielseitigkeitswettbewerben ist die Kommunikation und das Vertrauen zwischen Reiter:in und Pferd. Geschichte der Disziplin Vielseitigkeit Die Vielseitigkeit entwickelte sich um [&hellip;]<\/p><span id=\"weiterlesen_under\">Weiterlesen<\/span><\/div><\/a><\/div>[\/et_pb_code][\/et_pb_column][\/et_pb_row][\/et_pb_section]\n\n\n<div class=\"kk-star-ratings kksr-auto kksr-align-center kksr-valign-bottom\"\n    data-payload='{&quot;align&quot;:&quot;center&quot;,&quot;id&quot;:&quot;5101&quot;,&quot;slug&quot;:&quot;default&quot;,&quot;valign&quot;:&quot;bottom&quot;,&quot;ignore&quot;:&quot;&quot;,&quot;reference&quot;:&quot;auto&quot;,&quot;class&quot;:&quot;&quot;,&quot;count&quot;:&quot;110&quot;,&quot;legendonly&quot;:&quot;&quot;,&quot;readonly&quot;:&quot;&quot;,&quot;score&quot;:&quot;4.7&quot;,&quot;starsonly&quot;:&quot;&quot;,&quot;best&quot;:&quot;5&quot;,&quot;gap&quot;:&quot;5&quot;,&quot;greet&quot;:&quot;Bewerte diesen Beitrag&quot;,&quot;legend&quot;:&quot;4.7\\\/5 aus 110 Bewertungen&quot;,&quot;size&quot;:&quot;24&quot;,&quot;title&quot;:&quot;Disziplin Vielseitigkeit: Was Du wissen solltest&quot;,&quot;width&quot;:&quot;133.8&quot;,&quot;_legend&quot;:&quot;{score}\\\/{best} aus {count} Bewertungen&quot;,&quot;font_factor&quot;:&quot;1.25&quot;}'>\n            \n<div class=\"kksr-stars\">\n    \n<div class=\"kksr-stars-inactive\">\n            <div class=\"kksr-star\" data-star=\"1\" style=\"padding-right: 5px\">\n            \n\n<div class=\"kksr-icon\" style=\"width: 24px; height: 24px;\"><\/div>\n        <\/div>\n            <div class=\"kksr-star\" data-star=\"2\" style=\"padding-right: 5px\">\n            \n\n<div class=\"kksr-icon\" style=\"width: 24px; height: 24px;\"><\/div>\n        <\/div>\n            <div class=\"kksr-star\" data-star=\"3\" style=\"padding-right: 5px\">\n            \n\n<div class=\"kksr-icon\" style=\"width: 24px; height: 24px;\"><\/div>\n        <\/div>\n            <div class=\"kksr-star\" data-star=\"4\" style=\"padding-right: 5px\">\n            \n\n<div class=\"kksr-icon\" style=\"width: 24px; height: 24px;\"><\/div>\n        <\/div>\n            <div class=\"kksr-star\" data-star=\"5\" style=\"padding-right: 5px\">\n            \n\n<div class=\"kksr-icon\" style=\"width: 24px; height: 24px;\"><\/div>\n        <\/div>\n    <\/div>\n    \n<div class=\"kksr-stars-active\" style=\"width: 133.8px;\">\n            <div class=\"kksr-star\" style=\"padding-right: 5px\">\n            \n\n<div class=\"kksr-icon\" style=\"width: 24px; height: 24px;\"><\/div>\n        <\/div>\n            <div class=\"kksr-star\" style=\"padding-right: 5px\">\n            \n\n<div class=\"kksr-icon\" style=\"width: 24px; height: 24px;\"><\/div>\n        <\/div>\n            <div class=\"kksr-star\" style=\"padding-right: 5px\">\n            \n\n<div class=\"kksr-icon\" style=\"width: 24px; height: 24px;\"><\/div>\n        <\/div>\n            <div class=\"kksr-star\" style=\"padding-right: 5px\">\n            \n\n<div class=\"kksr-icon\" style=\"width: 24px; height: 24px;\"><\/div>\n        <\/div>\n            <div class=\"kksr-star\" style=\"padding-right: 5px\">\n            \n\n<div class=\"kksr-icon\" style=\"width: 24px; height: 24px;\"><\/div>\n        <\/div>\n    <\/div>\n<\/div>\n                \n\n<div class=\"kksr-legend\" style=\"font-size: 19.2px;\">\n            4.7\/5 aus 110 Bewertungen    <\/div>\n    <\/div>\n","protected":false},"excerpt":{"rendered":"<p>[et_pb_section fb_built=&#187;1&#8243; _builder_version=&#187;4.25.1&#8243; custom_margin=&#187;0px||0px||false|false&#187; custom_padding=&#187;64px|24px|80px|24px|false|true&#187; hover_enabled=&#187;0&#8243; global_colors_info=&#187;{}&#187; custom_padding_last_edited=&#187;on|phone&#187; sticky_enabled=&#187;0&#8243; custom_padding_tablet=&#187;|0px||0px|false|true&#187; custom_padding_phone=&#187;24px||40px||false|true&#187;][et_pb_row custom_padding_last_edited=&#187;on|phone&#187; module_class=&#187;home_page_first_section_row&#187; _builder_version=&#187;4.25.1&#8243; _module_preset=&#187;default&#187; width=&#187;100%&#187; max_width=&#187;1152px&#187; custom_margin=&#187;0px||0px||false|false&#187; custom_padding=&#187;0px|0px|0px|0px|false|true&#187; custom_padding_tablet=&#187;0px|24px|0px|24px|false|true&#187; custom_padding_phone=&#187;0px|24px|0px|24px|false|true&#187; global_colors_info=&#187;{}&#187;][et_pb_column type=&#187;4_4&#8243; _builder_version=&#187;4.25.1&#8243; _module_preset=&#187;default&#187; global_colors_info=&#187;{}&#187;][et_pb_code _builder_version=&#187;4.25.1&#8243; _module_preset=&#187;default&#187; custom_margin=&#187;0px||0px||false|false&#187; custom_padding=&#187;0px||0px||false|false&#187; global_colors_info=&#187;{}&#187;][\/et_pb_code][et_pb_code _builder_version=&#187;4.25.1&#8243; _module_preset=&#187;default&#187; custom_margin=&#187;0px||||false|false&#187; custom_padding=&#187;0px||||false|false&#187; global_colors_info=&#187;{}&#187;][\/et_pb_code][et_pb_code _builder_version=&#187;4.25.1&#8243; _module_preset=&#187;default&#187; global_colors_info=&#187;{}&#187;][\/et_pb_code][\/et_pb_column][\/et_pb_row][\/et_pb_section]<\/p>\n","protected":false},"author":2,"featured_media":0,"parent":0,"menu_order":0,"comment_status":"open","ping_status":"closed","template":"","meta":{"_acf_changed":false,"_et_pb_use_builder":"on","_et_pb_old_content":"[tdc_zone type=\"tdc_content\"][vc_row][vc_column][td_block_big_grid_flex_2 meta_info_vert=\"content-vert-bottom\" image_zoom=\"yes\" show_author2=\"none\" show_date2=\"none\" modules_category=\"above\" overlay_general=\"eyJ0eXBlIjoiZ3JhZGllbnQiLCJjb2xvcjEiOiJyZ2JhKDAsMCwwLDApIiwiY29sb3IyIjoicmdiYSgwLDAsMCwwLjcpIiwibWl4ZWRDb2xvcnMiOlt7ImNvbG9yIjoicmdiYSgwLDAsMCwwKSIsInBlcmNlbnRhZ2UiOjYwfV0sImNzcyI6ImJhY2tncm91bmQ6IC13ZWJraXQtbGluZWFyLWdyYWRpZW50KDBkZWcscmdiYSgwLDAsMCwwLjcpLHJnYmEoMCwwLDAsMCkgNjAlLHJnYmEoMCwwLDAsMCkpO2JhY2tncm91bmQ6IGxpbmVhci1ncmFkaWVudCgwZGVnLHJnYmEoMCwwLDAsMC43KSxyZ2JhKDAsMCwwLDApIDYwJSxyZ2JhKDAsMCwwLDApKTsiLCJjc3NQYXJhbXMiOiIwZGVnLHJnYmEoMCwwLDAsMC43KSxyZ2JhKDAsMCwwLDApIDYwJSxyZ2JhKDAsMCwwLDApIn0=\" image_height2=\"eyJsYW5kc2NhcGUiOiIxNzNweCIsInBob25lIjoiMTY1cHgiLCJwb3J0cmFpdCI6IjEzM3B4In0=\" image_height1=\"eyJwaG9uZSI6IjI2MHB4IiwibGFuZHNjYXBlIjoiMzUwcHgiLCJwb3J0cmFpdCI6IjI3MHB4In0=\" modules_gap=\"eyJwaG9uZSI6IjMifQ==\" meta_padding2=\"eyJsYW5kc2NhcGUiOiIxNnB4IDE1cHggMTFweCIsInBvcnRyYWl0IjoiMTZweCAxNXB4IDExcHgiLCJwaG9uZSI6IjE2cHggMTVweCAxMXB4In0=\" meta_padding1=\"eyJwaG9uZSI6IjE1cHggMThweCJ9\" cat_bg_hover=\"#8f2593\" review_stars=\"#fff\" image_size2=\"td_324x400\" image_size=\"\" image_width1=\"eyJwaG9uZSI6IjEwMCJ9\" image_width2=\"eyJwaG9uZSI6IjgwIn0=\" mf7_tl=\"25\" f_title1_font_weight=\"700\" f_title2_font_weight=\"700\" f_cat1_font_weight=\"\" all_underline_color=\"#ffffff\" cat_txt_hover=\"#ffffff\" author_txt=\"#ffffff\" author_txt_hover=\"#ffffff\" f_cat2_font_transform=\"none\" f_cat1_font_transform=\"none\"][\/vc_column][\/vc_row][vc_row full_width=\"stretch_row_content td-stretch-content\"][vc_column][\/vc_column][\/vc_row][vc_row el_class=\"td-ss-row\" flex_layout=\"block\"][vc_column width=\"2\/3\" flex_layout=\"block\"][td_block_text_with_title f_h1_font_weight=\"\" tdc_css=\"eyJhbGwiOnsiY29udGVudC1oLWFsaWduIjoiY29udGVudC1ob3Jpei1jZW50ZXIiLCJkaXNwbGF5IjoiIn19\" block_template_id=\"td_block_template_2\" f_post_font_family=\"\" f_h2_font_family=\"file_4\"]<h2><span style=\"color: #1a2b49;\">Neuste Beitr\u00e4ge<\/span><\/h2>[\/td_block_text_with_title][td_block_11 block_template_id=\"td_block_template_3\" td_ajax_filter_type=\"\" tdc_css=\"eyJhbGwiOnsiZGlzcGxheSI6IiJ9fQ==\" header_text_color=\"#1a2b49\" m10f_cat_font_transform=\"none\"][\/vc_column][vc_column width=\"1\/3\"][td_block_ad_box spot_id=\"\" media_size_image_height=\"500\" media_size_image_width=\"300\" spot_url=\"https:\/\/www.horsedeal.com\/blog\/neuer-auftritt-neue-funktionen-horsedeal24-wird-zu-horsedeal \" tdc_css=\"eyJhbGwiOnsiZGlzcGxheSI6IiJ9fQ==\" spot_img_horiz=\"content-horiz-center\" f_title_font_family=\"file_2\" spot_img_all=\"2235\"][\/vc_column][\/vc_row][vc_row][vc_column][td_block_text_with_title f_h1_font_weight=\"\" tdc_css=\"eyJhbGwiOnsiY29udGVudC1oLWFsaWduIjoiY29udGVudC1ob3Jpei1jZW50ZXIiLCJkaXNwbGF5IjoiIn19\" f_h2_font_family=\"file_4\"]<h2><span style=\"color: #1a2b49;\">Beliebte Beitr\u00e4ge<\/span><\/h2>[\/td_block_text_with_title][td_block_big_grid_4 sort=\"random_posts\" tdc_css=\"eyJhbGwiOnsiZGlzcGxheSI6IiJ9fQ==\" td_grid_style=\"td-grid-style-1\"][\/vc_column][\/vc_row][\/tdc_zone]","_et_gb_content_width":"","inline_featured_image":false,"footnotes":""},"class_list":["post-307","page","type-page","status-publish","hentry"],"acf":[],"_links":{"self":[{"href":"https:\/\/www.horsedeal.com\/blog\/wp-json\/wp\/v2\/pages\/307","targetHints":{"allow":["GET"]}}],"collection":[{"href":"https:\/\/www.horsedeal.com\/blog\/wp-json\/wp\/v2\/pages"}],"about":[{"href":"https:\/\/www.horsedeal.com\/blog\/wp-json\/wp\/v2\/types\/page"}],"author":[{"embeddable":true,"href":"https:\/\/www.horsedeal.com\/blog\/wp-json\/wp\/v2\/users\/2"}],"replies":[{"embeddable":true,"href":"https:\/\/www.horsedeal.com\/blog\/wp-json\/wp\/v2\/comments?post=307"}],"version-history":[{"count":120,"href":"https:\/\/www.horsedeal.com\/blog\/wp-json\/wp\/v2\/pages\/307\/revisions"}],"predecessor-version":[{"id":3873,"href":"https:\/\/www.horsedeal.com\/blog\/wp-json\/wp\/v2\/pages\/307\/revisions\/3873"}],"wp:attachment":[{"href":"https:\/\/www.horsedeal.com\/blog\/wp-json\/wp\/v2\/media?parent=307"}],"curies":[{"name":"wp","href":"https:\/\/api.w.org\/{rel}","templated":true}]}}